{"id":3182,"date":"2025-02-25T13:46:27","date_gmt":"2025-02-25T17:46:27","guid":{"rendered":"https:\/\/ccdhhn.ca\/?page_id=3182"},"modified":"2025-02-27T10:54:53","modified_gmt":"2025-02-27T14:54:53","slug":"ateliers-admissibles-en-mode-asynchrone","status":"publish","type":"page","link":"https:\/\/ccdhhn.ca\/fr\/ateliers-admissibles-en-mode-asynchrone\/","title":{"rendered":"Ateliers admissibles en mode asynchrone"},"content":{"rendered":"\n<p>Au bas de cette page, vous trouverez une liste d\u2019ateliers en mode asynchrone (titres en ordre alphab\u00e9tique) qui sont admissibles au certificat. La langue de l\u2019atelier correspond \u00e0 celle du titre. Ces ateliers en mode asynchrone utiliseront des composantes pratiques ou interactives qui seront valid\u00e9es par une organisation partenaire. Veuillez demander \u00e0 cette organisation de vous envoyer un courriel ou une lettre confirmant que vous avez achev\u00e9 l\u2019atelier en mode asynchrone. Vous pourrez ensuite joindre cette confirmation lorsque vous d\u00e9poserez votre demande de candidature au certificat. Nous vous conseillons de sauvegarder vos travaux r\u00e9alis\u00e9s lors de l\u2019atelier et une copie du mat\u00e9riel qui a \u00e9t\u00e9 utilis\u00e9.<\/p>\n\n\n\n<ul class=\"wp-block-list\">\n<li><a href=\"https:\/\/ubc-library-rc.github.io\/gis-spatial-stories\/\">Telling Spatial Stories with Data <\/a>(UCB, 4 heures)<\/li>\n<\/ul>\n\n\n\n<p><\/p>\n","protected":false},"excerpt":{"rendered":"<p>Au bas de cette page, vous trouverez une liste d\u2019ateliers en mode asynchrone (titres en ordre alphab\u00e9tique) qui sont admissibles au certificat. La langue de l\u2019atelier correspond \u00e0 celle du [&hellip;]<\/p>\n","protected":false},"author":2,"featured_media":0,"parent":0,"menu_order":0,"comment_status":"closed","ping_status":"closed","template":"","meta":{"_tec_requires_first_save":true,"_EventAllDay":false,"_EventTimezone":"","_EventStartDate":"","_EventEndDate":"","_EventStartDateUTC":"","_EventEndDateUTC":"","_EventShowMap":false,"_EventShowMapLink":false,"_EventURL":"","_EventCost":"","_EventCostDescription":"","_EventCurrencySymbol":"","_EventCurrencyCode":"","_EventCurrencyPosition":"","_EventDateTimeSeparator":"","_EventTimeRangeSeparator":"","_EventOrganizerID":[],"_EventVenueID":[],"_OrganizerEmail":"","_OrganizerPhone":"","_OrganizerWebsite":"","_VenueAddress":"","_VenueCity":"","_VenueCountry":"","_VenueProvince":"","_VenueState":"","_VenueZip":"","_VenuePhone":"","_VenueURL":"","_VenueStateProvince":"","_VenueLat":"","_VenueLng":"","_VenueShowMap":false,"_VenueShowMapLink":false,"_tribe_blocks_recurrence_rules":"","_tribe_blocks_recurrence_description":"","_tribe_blocks_recurrence_exclusions":"","_ecp_custom_2":"","_ecp_custom_3":"","footnotes":""},"class_list":["post-3182","page","type-page","status-publish","hentry"],"_links":{"self":[{"href":"https:\/\/ccdhhn.ca\/fr\/wp-json\/wp\/v2\/pages\/3182","targetHints":{"allow":["GET"]}}],"collection":[{"href":"https:\/\/ccdhhn.ca\/fr\/wp-json\/wp\/v2\/pages"}],"about":[{"href":"https:\/\/ccdhhn.ca\/fr\/wp-json\/wp\/v2\/types\/page"}],"author":[{"embeddable":true,"href":"https:\/\/ccdhhn.ca\/fr\/wp-json\/wp\/v2\/users\/2"}],"replies":[{"embeddable":true,"href":"https:\/\/ccdhhn.ca\/fr\/wp-json\/wp\/v2\/comments?post=3182"}],"version-history":[{"count":2,"href":"https:\/\/ccdhhn.ca\/fr\/wp-json\/wp\/v2\/pages\/3182\/revisions"}],"predecessor-version":[{"id":3188,"href":"https:\/\/ccdhhn.ca\/fr\/wp-json\/wp\/v2\/pages\/3182\/revisions\/3188"}],"wp:attachment":[{"href":"https:\/\/ccdhhn.ca\/fr\/wp-json\/wp\/v2\/media?parent=3182"}],"curies":[{"name":"wp","href":"https:\/\/api.w.org\/{rel}","templated":true}]}}