{"id":368,"date":"2022-11-29T14:16:17","date_gmt":"2022-11-29T18:16:17","guid":{"rendered":"https:\/\/ccdhhn.ca\/ccdh-hn\/"},"modified":"2023-11-16T14:51:10","modified_gmt":"2023-11-16T18:51:10","slug":"ccdh-hn-fr","status":"publish","type":"page","link":"https:\/\/ccdhhn.ca\/fr\/","title":{"rendered":"cc:DH\/HN"},"content":{"rendered":"\n<h4 class=\"wp-block-heading\"><strong>Certificat canadien en humanit\u00e9s num\u00e9riques<\/strong><\/h4>\n\n\n\n<p>Le certificat canadien en humanit\u00e9s num\u00e9riques (cc:DH\/HN) est une initiative financ\u00e9e par le Conseil de recherches en sciences humaines du Canada (CRSH). L\u2019objectif est d\u2019offrir un certificat en humanit\u00e9s num\u00e9riques aux personnes qui participent \u00e0 des ateliers non curriculaires en humanit\u00e9s num\u00e9riques. Le certificat re\u00e7oit aussi le soutien de la Soci\u00e9t\u00e9 canadienne des humanit\u00e9s num\u00e9riques (SCHN) et de l\u2019Alliance de recherche num\u00e9rique du Canada.<\/p>\n\n\n\n<p>Obtenez plus d\u2019information sur le programme du certificat dans les pages suivantes&nbsp;:<\/p>\n\n\n\n<ul class=\"wp-block-list\">\n<li><a href=\"https:\/\/ccdhhn.ca\/fr\/notre-organisation\/\">Notre organisation<\/a><\/li>\n\n\n\n<li><a href=\"https:\/\/ccdhhn.ca\/fr\/deposer-sa-candidature\/\" data-type=\"page\" data-id=\"23\">D\u00e9poser sa candidature<\/a><\/li>\n\n\n\n<li><a href=\"https:\/\/ccdhhn.ca\/fr\/ateliers-admissibles\">Ateliers admissibles<\/a><\/li>\n\n\n\n<li><a href=\"https:\/\/ccdhhn.ca\/fr\/prochains-ateliers-en-hn\/\">Calendrier des activit\u00e9s admissibles au certificat<\/a><\/li>\n<\/ul>\n\n\n\n<p><\/p>\n\n\n\n<div class=\"wp-block-columns is-layout-flex wp-container-core-columns-is-layout-28f84493 wp-block-columns-is-layout-flex\">\n<div class=\"wp-block-column is-layout-flow wp-block-column-is-layout-flow\" style=\"flex-basis:100%\">\n<hr class=\"wp-block-separator has-alpha-channel-opacity\"\/>\n<\/div>\n<\/div>\n\n\n\n<p><\/p>\n\n\n\n<p><\/p>\n","protected":false},"excerpt":{"rendered":"<p>Certificat canadien en humanit\u00e9s num\u00e9riques Le certificat canadien en humanit\u00e9s num\u00e9riques (cc:DH\/HN) est une initiative financ\u00e9e par le Conseil de recherches en sciences humaines du Canada (CRSH). L\u2019objectif est d\u2019offrir [&hellip;]<\/p>\n","protected":false},"author":4,"featured_media":0,"parent":0,"menu_order":1,"comment_status":"closed","ping_status":"closed","template":"","meta":{"_tec_requires_first_save":true,"_EventAllDay":false,"_EventTimezone":"","_EventStartDate":"","_EventEndDate":"","_EventStartDateUTC":"","_EventEndDateUTC":"","_EventShowMap":false,"_EventShowMapLink":false,"_EventURL":"","_EventCost":"","_EventCostDescription":"","_EventCurrencySymbol":"","_EventCurrencyCode":"","_EventCurrencyPosition":"","_EventDateTimeSeparator":"","_EventTimeRangeSeparator":"","_EventOrganizerID":[],"_EventVenueID":[],"_OrganizerEmail":"","_OrganizerPhone":"","_OrganizerWebsite":"","_VenueAddress":"","_VenueCity":"","_VenueCountry":"","_VenueProvince":"","_VenueState":"","_VenueZip":"","_VenuePhone":"","_VenueURL":"","_VenueStateProvince":"","_VenueLat":"","_VenueLng":"","_VenueShowMap":false,"_VenueShowMapLink":false,"_tribe_blocks_recurrence_rules":"","_tribe_blocks_recurrence_description":"","_tribe_blocks_recurrence_exclusions":"","_ecp_custom_2":"","_ecp_custom_3":"","footnotes":""},"class_list":["post-368","page","type-page","status-publish","hentry"],"_links":{"self":[{"href":"https:\/\/ccdhhn.ca\/fr\/wp-json\/wp\/v2\/pages\/368","targetHints":{"allow":["GET"]}}],"collection":[{"href":"https:\/\/ccdhhn.ca\/fr\/wp-json\/wp\/v2\/pages"}],"about":[{"href":"https:\/\/ccdhhn.ca\/fr\/wp-json\/wp\/v2\/types\/page"}],"author":[{"embeddable":true,"href":"https:\/\/ccdhhn.ca\/fr\/wp-json\/wp\/v2\/users\/4"}],"replies":[{"embeddable":true,"href":"https:\/\/ccdhhn.ca\/fr\/wp-json\/wp\/v2\/comments?post=368"}],"version-history":[{"count":15,"href":"https:\/\/ccdhhn.ca\/fr\/wp-json\/wp\/v2\/pages\/368\/revisions"}],"predecessor-version":[{"id":1407,"href":"https:\/\/ccdhhn.ca\/fr\/wp-json\/wp\/v2\/pages\/368\/revisions\/1407"}],"wp:attachment":[{"href":"https:\/\/ccdhhn.ca\/fr\/wp-json\/wp\/v2\/media?parent=368"}],"curies":[{"name":"wp","href":"https:\/\/api.w.org\/{rel}","templated":true}]}}