{"id":373,"date":"2022-11-29T14:16:38","date_gmt":"2022-11-29T18:16:38","guid":{"rendered":"https:\/\/ccdhhn.ca\/about-us\/"},"modified":"2026-03-24T15:32:59","modified_gmt":"2026-03-24T18:32:59","slug":"notre-organisation","status":"publish","type":"page","link":"https:\/\/ccdhhn.ca\/fr\/notre-organisation\/","title":{"rendered":"Notre organisation"},"content":{"rendered":"\n<p>Le Certificat canadien en humanit\u00e9s num\u00e9riques (cc:DH\/HN) est le r\u00e9sultat d\u2019une force collaborative entre plusieurs personnes et organisations partenaires. Il est dirig\u00e9 par Laura&nbsp;Estill repr\u00e9sentant la Chaire de recherche du Canada en humanit\u00e9s num\u00e9riques, de l\u2019Universit\u00e9 St.&nbsp;Francis&nbsp;Xavier en Nouvelle-\u00c9cosse. Elle est \u00e9paul\u00e9e par Melissa&nbsp;Howse, la cheffe de projet (digitalhumanities@stfx.ca).<\/p>\n\n\n\n<p><strong><strong><strong>Organisations partenaires \u2013 agents et agentes de liaison<\/strong><\/strong><\/strong><\/p>\n\n\n\n<p>Veuillez communiquer avec les agentes ou agents de liaison si vous avez des questions sur l\u2019admissibilit\u00e9 d\u2019un atelier au certificat. Les organisations sont \u00e9num\u00e9r\u00e9es par ordre alphab\u00e9tique.<\/p>\n\n\n\n<figure class=\"wp-block-table is-style-regular\"><table><tbody><tr><td><strong>Organisation<\/strong><\/td><td><strong>Agent[e] de liaison<\/strong><\/td><\/tr><tr><td><a href=\"https:\/\/ace-net.ca\/humanities-and-social-sciences.html\">ACENET<\/a><\/td><td>Meghan Landry<\/td><\/tr><tr><td><a href=\"https:\/\/alliancecan.ca\/fr\">Alliance de recherche num\u00e9rique du Canada<\/a><\/td><td>Meghan Landry<\/td><\/tr><tr><td><a href=\"http:\/\/stfx.ca\/library\">Biblioth\u00e8que Angus L. Macdonald<\/a> &#8211; Universit\u00e9 St. Francis Xavier<\/td><td>Kaitlin Fuller<br><a href=\"mailto:library@stfx.ca\">library@stfx.ca<\/a><\/td><\/tr><tr><td><a href=\"https:\/\/www.calculquebec.ca\/\">Calcul Qu\u00e9bec<\/a><\/td><td>Sarah Cameron-Pesant<br><a href=\"mailto:support@calculquebec.ca\">support@calculquebec.ca<\/a><br>Lina Harper<br><a href=\"mailto:lina.harper@calculquebec.ca\">lina.harper@calculquebec.ca<\/a><\/td><\/tr><tr><td><a href=\"https:\/\/www.crihn.org\/\">Centre de recherche interuniversitaire sur les humanit\u00e9s num\u00e9riques<\/a> \u2013 Universit\u00e9 de Montr\u00e9al<\/td><td>Parham Aledavood<br><a href=\"mailto:crihunum@gmail.com\" target=\"_blank\" rel=\"noreferrer noopener\"><\/a><a href=\"mailto:crihn@umontreal.ca\" target=\"_blank\" rel=\"noreferrer noopener\">crihn@umontreal.ca<\/a><\/td><\/tr><tr><td><a href=\"https:\/\/www.torontomu.ca\/centre-digital-humanities\/\">Centre for Digital Humanities \u00ab&nbsp;Centre des humanit\u00e9s num\u00e9riques&nbsp;\u00bb<\/a> \u2013 Universit\u00e9 m\u00e9tropolitaine de Toronto<\/td><td>Jason Boyd<\/td><\/tr><tr><td><a href=\"https:\/\/dhn.utoronto.ca\/cdhi-strategic-plan\/\">Critical Digital Humanities Initiative (CDHI) \u00ab&nbsp;Initiative strat\u00e9gique en humanit\u00e9s num\u00e9riques&nbsp;\u00bb<\/a> \u2013 Universit\u00e9 de Toronto<\/td><td>Arun Jacob<\/td><\/tr><tr><td><a href=\"https:\/\/carleton.ca\/xlab\/\" data-type=\"link\" data-id=\"https:\/\/carleton.ca\/xlab\/\">Cultural Heritage Informatics Collaboratory \u00ab&nbsp;Collaboratoire du patrimoine culturel, des m\u00e9dias num\u00e9riques et&nbsp;de l\u2019informatique&nbsp;\u00bb<\/a>&nbsp;\u2013&nbsp;Universit\u00e9 Carleton<\/td><td>Shawn Graham<\/td><\/tr><tr><td><a href=\"https:\/\/www.uoguelph.ca\/arts\/dhguelph\">DH@Guelph \u00ab&nbsp;Humanit\u00e9s num\u00e9riques \u00e0 l\u2019Universit\u00e9 de Guelph&nbsp;\u00bb<\/a> \u2013 Universit\u00e9 de Guelph<\/td><td>Kimberley Martin<\/td><\/tr><tr><td><a href=\"https:\/\/dhsi.org\/\">DHSI \u2013 Digital Humanities Summer Institute \u00ab&nbsp;Institut d\u2019\u00e9t\u00e9 en humanit\u00e9s num\u00e9riques&nbsp;\u00bb<\/a> \u2013 Universit\u00e9 de Montr\u00e9al<\/td><td>Parham Aledavood<br><a href=\"mailto:dhsimontreal@gmail.com\"><\/a><a href=\"mailto:crihn@umontreal.ca\" target=\"_blank\" rel=\"noreferrer noopener\"><\/a><a href=\"mailto:dhsimontreal@gmail.com\">dhsimontreal@gmail.com<\/a><\/td><\/tr><tr><td><a href=\"https:\/\/www.federationhss.ca\/en\/node\/907\">DHSI@Congress \u00ab&nbsp;DHSI au congr\u00e8s de la F\u00e9d\u00e9ration des sciences humaines et sociales <\/a>\u00bb<\/td><td>Constance Crompton<br>Moni Razavi<br><a href=\"mailto:hdatalab@uottawa.ca\">hdatalab@uottawa.ca<\/a><\/td><\/tr><tr><td><a href=\"https:\/\/www.mystfx.ca\/digital-humanities\/dhsi-east\">DHSI de l\u2019Est<\/a> \u2013 Universit\u00e9 St. Francis Xavier<\/td><td>Melissa Howse<br><a href=\"mailto:digitalhumanities@stfx.ca\">digitalhumanities@stfx.ca<\/a><\/td><\/tr><tr><td><a href=\"https:\/\/dhsite.org\/dhsite-2\/\">DHSITE \u00ab&nbsp;DHSI&nbsp;: Technologies de l\u2019Est&nbsp;\u00bb, Carrefour des SHN<\/a> &#8211; Universit\u00e9 d\u2019Ottawa<\/td><td>Jada Watson<br><a href=\"mailto:dhnarts@uottawa.ca\">dhnarts@uottawa.ca<\/a><\/td><\/tr><tr><td><a href=\"https:\/\/dsc.library.ualberta.ca\/\">Digital Scholarship Centre  \u00ab&nbsp;Centre de recherche en num\u00e9rique&nbsp;\u00bb<\/a> \u2013 Universit\u00e9 de l&rsquo;Alberta<\/td><td>Harvey&nbsp;Quamen<\/td><\/tr><tr><td><a href=\"https:\/\/www.library.yorku.ca\/ds\/\">Digital Scholarship Centre \u00ab&nbsp;Centre de recherche en num\u00e9rique&nbsp;\u00bb <\/a>&#8211; Universit\u00e9 York<\/td><td>Kris Joseph<\/td><\/tr><tr><td><a href=\"https:\/\/onlineacademiccommunity.uvic.ca\/dsc\/\" data-type=\"link\" data-id=\"https:\/\/onlineacademiccommunity.uvic.ca\/dsc\/\">Digital Scholarship Commons \u00ab&nbsp;Carrefour d\u2019apprentissage de la recherche en num\u00e9rique&nbsp;\u00bb<\/a>&nbsp;\u2013&nbsp;Universit\u00e9 de Victoria<\/td><td>Rich McCue<br>Nick Rochlin<\/td><\/tr><tr><td><a href=\"http:\/\/hcmc.uvic.ca\">Humanities Computing and Media Centre \u00abCentre des humanit\u00e9s num\u00e9riques et des pratiques m\u00e9diatiques\u00bb (HNPM)<\/a><\/td><td>Navarra Houldin <a href=\"mailto:hcmcadmin@uvic.ca\">hcmcadmin@uvic.ca<\/a><\/td><\/tr><tr><td><a href=\"https:\/\/lemdo.uvic.ca\/\"><em>Linked Early Modern Drama Online<\/em> <\/a> <\/td><td>Janelle Jenstad<\/td><\/tr><tr><td><a href=\"https:\/\/scds.ca\/\">Sherman Centre for Digital Scholarship \u00ab Centre de recherche en num\u00e9rique Sherman \u00bb<\/a> \u2013 Universit\u00e9 McMaster<\/td><td>Alexis-Carlota Cochrane<br><a href=\"mailto:scds@mcmaster.ca\">scds@mcmaster.ca<\/a>&nbsp;<\/td><\/tr><tr><td><a href=\"https:\/\/www.lib.sfu.ca\/about\/branches-depts\/rc\">Simon Fraser University Library &#8211; Research Commons \u00abbiblioth\u00e8que de Simon Fraser Universit\u00e9, Espace collaboratif de recherche\u00bb<\/a><\/td><td>Rebecca Dowson<br><a href=\"mailto:dhil@sfu.ca\">dhil@sfu.ca<\/a><\/td><\/tr><tr><td><a href=\"https:\/\/www.rcg.sfu.ca\/\">Simon Fraser University Research Computing Group \u00abGroupe de recherche en informatique\u00bb<\/a><\/td><td>Meghan Landry<\/td><\/tr><tr><td>Recherche Num\u00e9rique &#8211; Universit\u00e9 de Qu\u00e9bec \u00e0 Montr\u00e9al<\/td><td>Simon C\u00f4t\u00e9-Lapointe<\/td><\/tr><tr><td><a href=\"https:\/\/researchcommons.library.ubc.ca\/\">Research Commons &#8211; University of British Columbia Libraries \u00ab&nbsp;Espace collaboratif de recherche&nbsp;\u00bb \u2013 biblioth\u00e8que de l&rsquo;Universit\u00e9 de la Colombie\u2011Britannique<\/a><\/td><td>Eka Grguric<br>Abi Muthukumar<\/td><\/tr><\/tbody><\/table><\/figure>\n\n\n\n<p><strong><strong>Comit\u00e9 directeur du cc:DH\/HN<\/strong><\/strong><\/p>\n\n\n\n<div class=\"wp-block-group has-global-padding is-layout-constrained wp-block-group-is-layout-constrained\">\n<pre class=\"wp-block-verse\">Directrice : Laura Estill, Universit\u00e9 St. Francis Xavier <br>Cheffe de projet : Melissa Howse, Universit\u00e9 St. Francis Xavier<br><br>Membres du Comit\u00e9 directeur (en ordre alphab\u00e9tique)<br>   Jason Boyd, Toronto Metropolitan University<br>   Alexis-Carlota Cochrane, McMaster University<br>   Simon C\u00f4t\u00e9-Lapointe, Universit\u00e9 de Qu\u00e9bec \u00e0 Montr\u00e9al<br>   Rebecca Dowson, Simon Fraser University<br>   Lina Harper, Calcul Qu\u00e9bec<br>   Arun Jacob, University of Toronto<br>   Meghan Landry, ACENET-Alliance Federation<br>   Nick Rochlin, University of Victoria<br><br>Anciens membres du comit\u00e9 directeur (en ordre alphab\u00e9tique)<br>   Parham Aledavood<br>   Alyssa Arbuckle<br>   Constance Crompton<br>   Kyle Dase<br>   Matt Huculak<br>   Michaela Morrow <br>   Michael Sinatra<\/pre>\n<\/div>\n\n\n\n<p><strong><strong>Partenaires \u00e0 la demande de subvention<\/strong><\/strong><\/p>\n\n\n\n<p>La cr\u00e9ation du Certificat canadien en humanit\u00e9s num\u00e9riques (cc:DH\/HN) s\u2019est concr\u00e9tis\u00e9e gr\u00e2ce \u00e0 la subvention de d\u00e9veloppement de partenariat du Conseil de recherches en sciences humaines (CRSH) du Canada et \u00e0 la direction de Laura&nbsp;Estill de l\u2019Universit\u00e9 de St.&nbsp;Francis Xavier&nbsp;(2022-2025). Les personnes suivantes ont particip\u00e9 \u00e0 ce projet \u00e0 titre de codemandeuses et codemandeurs ou de collaboratrices et collaborateurs (par ordre alphab\u00e9tique).<\/p>\n\n\n\n<ul class=\"wp-block-list\">\n<li>Alyssa Arbuckle (Universit\u00e9 de Victoria)<\/li>\n\n\n\n<li>Jason Boyd (Universit\u00e9 m\u00e9tropolitaine de Toronto)<\/li>\n\n\n\n<li>Susan Brown (Universit\u00e9 de Guelph)<\/li>\n\n\n\n<li>Constance Crompton (Universit\u00e9 d&rsquo;Ottawa)<\/li>\n\n\n\n<li>Kyle Dase (Universit\u00e9 de la Saskatchewan)<\/li>\n\n\n\n<li>Emmanuel Chateau Dutier (Universit\u00e9 de Montr\u00e9al)<\/li>\n\n\n\n<li>Arun Jacob (Universit\u00e9 de Toronto)<\/li>\n\n\n\n<li>Kim Martin (Universit\u00e9 de Guelph)<\/li>\n\n\n\n<li>Ray Siemens (Universit\u00e9 de Victoria)<\/li>\n\n\n\n<li>Michael Sinatra (Universit\u00e9 de Montr\u00e9al)<\/li>\n\n\n\n<li>Harvey Quamen (Universit\u00e9 de l&rsquo;Alberta)<\/li>\n\n\n\n<li>Lydia Vermeyden (ACENET)<\/li>\n\n\n\n<li>Jada Watson (Universit\u00e9 d&rsquo;Ottawa)<\/li>\n<\/ul>\n\n\n\n<p><strong>Pr\u00e9sentations<\/strong> <strong>ant\u00e9rieures<\/strong><\/p>\n\n\n\n<p>Laura Estill, \u201cDHSI-East and the Canadian Certificate for Digital Humanities.\u201d Toronto, MLA 2026, Digital Humanities Summer Institute Pre-conference Workshop, Toronto, janvier 2026.<\/p>\n\n\n\n<p>S\u00e9ance: \u00ab\u00a0Digital Humanities Workshops,\u00a0\u00bb Soci\u00e9t\u00e9 canadienne des humanit\u00e9s num\u00e9riques, Toronto, mai 2025<\/p>\n\n\n\n<ul class=\"wp-block-list\">\n<li>Jason Boyd, \u00ab\u00a0Sustaining a DH Training Ecosystem: Curriculum, Centre, Certificate Jason Boyd\u00a0\u00bb<\/li>\n\n\n\n<li>Alexis-Carlota Cochrane, \u00ab\u00a0Connective Links: Building Graduate Student Knowledge, Community, and Capacity in DH\u00a0\u00bb <\/li>\n\n\n\n<li>Laura Estill, \u00ab\u00a0What Can We Learn When We Come Together?: The Canadian Certificate for Digital Humanities \/ Certificat canadien en Humanit\u00e9s Num\u00e9riques (cc:DH\/HN)\u00a0\u00bb<\/li>\n<\/ul>\n\n\n\n<p>S\u00e9ance: \u00ab\u00a0Introducing cc:DH\/HN: The Canadian Certificate in Digital Humanities\/Certificat canadien en Humanit\u00e9s Num\u00e9riques,\u00a0\u00bb Soci\u00e9t\u00e9 canadienne des humanit\u00e9s num\u00e9riques, Toronto, mai 2023<\/p>\n\n\n\n<ul class=\"wp-block-list\">\n<li>Laura Estill, \u00ab\u00a0Why a Canadian Certificate for Digital Humanities?\u00a0\u00bb<\/li>\n\n\n\n<li>Michael Sinatra, \u00ab\u00a0French-Language Digital Humanities Training in Canada: The Case of Qu\u00e9bec\u00a0\u00bb<\/li>\n\n\n\n<li>Kyle Dase, \u00ab\u00a0ccDH\/HN: Theorizing Challenges and Opportunities as a Graduate Student\/Postdoctoral Collaborator\u00a0\u00bb<\/li>\n\n\n\n<li>Ray Siemens, Alyssa Arbuckle, and Randa El Khatib, \u00ab\u00a0Decades of Digital Humanities Training in Canada: The Digital Humanities Summer Institute\u00a0\u00bb<\/li>\n<\/ul>\n\n\n\n<p><strong>S\u00e9ances d&rsquo;informations ant\u00e9rieures<\/strong><\/p>\n\n\n\n<ul class=\"wp-block-list\">\n<li>DHSI (Digital Humanities Summer Institute), juin 2025: week 1 (Parham Aledavood); week 2 (Laura Estill), with translations from Lina Harper<\/li>\n\n\n\n<li>Canadian Society for Digital Humanities, mai-juin 2025 (Laura Estill)<\/li>\n\n\n\n<li>Canadian Society for Digital Humanities, juin 2024 (Laura Estill)<\/li>\n\n\n\n<li>Humanities and Social Science Winter Series, February 2024 (Laura Estill and Michael Sinatra)<\/li>\n\n\n\n<li>\u00ab\u00a0The Proposed Digital Humanities Certificate in Digital Humanities\/Humanit\u00e9s Num\u00e9rique,\u00a0\u00bb Soci\u00e9t\u00e9 canadienne des humanit\u00e9s num\u00e9riques, May 2021 (Laura Estill)<\/li>\n<\/ul>\n\n\n\n<p><\/p>\n\n\n\n<p><strong><strong>Remerciements particuliers<\/strong><\/strong><\/p>\n\n\n\n<p>Un grand merci \u00e0 Craig&nbsp;Squires de l\u2019ACENET pour son aide pr\u00e9cieuse \u00e0 la conception de ce site Web, \u00e0 Matea&nbsp;Drljepan pour la cr\u00e9ation du logo cc:DH\/HN et \u00e0 <a href=\"https:\/\/www.linkedin.com\/in\/traductionthivierge\/\">H\u00e9l\u00e8ne Thivierge, traductrice agr\u00e9\u00e9e<\/a>, pour la traduction fran\u00e7aise originale du site Web.<\/p>\n\n\n\n<p><strong>Ce projet est financ\u00e9 par la subvention de d\u00e9veloppement de partenariat du CRSH du Canada<\/strong><\/p>\n\n\n\n<figure class=\"wp-block-image size-large\"><img loading=\"lazy\" decoding=\"async\" width=\"1024\" height=\"123\" src=\"https:\/\/ccdhhn.ca\/wp-content\/uploads\/2023\/03\/sshrc-fip-full-color-eng-1024x123.jpg\" alt=\"\" class=\"wp-image-90\" srcset=\"https:\/\/ccdhhn.ca\/wp-content\/uploads\/2023\/03\/sshrc-fip-full-color-eng-1024x123.jpg 1024w, https:\/\/ccdhhn.ca\/wp-content\/uploads\/2023\/03\/sshrc-fip-full-color-eng-300x36.jpg 300w, https:\/\/ccdhhn.ca\/wp-content\/uploads\/2023\/03\/sshrc-fip-full-color-eng-768x93.jpg 768w, https:\/\/ccdhhn.ca\/wp-content\/uploads\/2023\/03\/sshrc-fip-full-color-eng-1536x185.jpg 1536w, https:\/\/ccdhhn.ca\/wp-content\/uploads\/2023\/03\/sshrc-fip-full-color-eng-2048x247.jpg 2048w\" sizes=\"auto, (max-width: 1024px) 100vw, 1024px\" \/><\/figure>\n","protected":false},"excerpt":{"rendered":"<p>Le Certificat canadien en humanit\u00e9s num\u00e9riques (cc:DH\/HN) est le r\u00e9sultat d\u2019une force collaborative entre plusieurs personnes et organisations partenaires. Il est dirig\u00e9 par Laura&nbsp;Estill repr\u00e9sentant la Chaire de recherche du [&hellip;]<\/p>\n","protected":false},"author":4,"featured_media":0,"parent":0,"menu_order":2,"comment_status":"closed","ping_status":"closed","template":"","meta":{"_tec_requires_first_save":true,"_EventAllDay":false,"_EventTimezone":"","_EventStartDate":"","_EventEndDate":"","_EventStartDateUTC":"","_EventEndDateUTC":"","_EventShowMap":false,"_EventShowMapLink":false,"_EventURL":"","_EventCost":"","_EventCostDescription":"","_EventCurrencySymbol":"","_EventCurrencyCode":"","_EventCurrencyPosition":"","_EventDateTimeSeparator":"","_EventTimeRangeSeparator":"","_EventOrganizerID":[],"_EventVenueID":[],"_OrganizerEmail":"","_OrganizerPhone":"","_OrganizerWebsite":"","_VenueAddress":"","_VenueCity":"","_VenueCountry":"","_VenueProvince":"","_VenueState":"","_VenueZip":"","_VenuePhone":"","_VenueURL":"","_VenueStateProvince":"","_VenueLat":"","_VenueLng":"","_VenueShowMap":false,"_VenueShowMapLink":false,"_tribe_blocks_recurrence_rules":"","_tribe_blocks_recurrence_description":"","_tribe_blocks_recurrence_exclusions":"","_ecp_custom_2":"","_ecp_custom_3":"","footnotes":""},"class_list":["post-373","page","type-page","status-publish","hentry"],"_links":{"self":[{"href":"https:\/\/ccdhhn.ca\/fr\/wp-json\/wp\/v2\/pages\/373","targetHints":{"allow":["GET"]}}],"collection":[{"href":"https:\/\/ccdhhn.ca\/fr\/wp-json\/wp\/v2\/pages"}],"about":[{"href":"https:\/\/ccdhhn.ca\/fr\/wp-json\/wp\/v2\/types\/page"}],"author":[{"embeddable":true,"href":"https:\/\/ccdhhn.ca\/fr\/wp-json\/wp\/v2\/users\/4"}],"replies":[{"embeddable":true,"href":"https:\/\/ccdhhn.ca\/fr\/wp-json\/wp\/v2\/comments?post=373"}],"version-history":[{"count":50,"href":"https:\/\/ccdhhn.ca\/fr\/wp-json\/wp\/v2\/pages\/373\/revisions"}],"predecessor-version":[{"id":4166,"href":"https:\/\/ccdhhn.ca\/fr\/wp-json\/wp\/v2\/pages\/373\/revisions\/4166"}],"wp:attachment":[{"href":"https:\/\/ccdhhn.ca\/fr\/wp-json\/wp\/v2\/media?parent=373"}],"curies":[{"name":"wp","href":"https:\/\/api.w.org\/{rel}","templated":true}]}}