{"id":552,"date":"2022-11-29T14:17:13","date_gmt":"2022-11-29T18:17:13","guid":{"rendered":"https:\/\/ccdhhn.ca\/the-certificate\/"},"modified":"2025-02-25T13:54:28","modified_gmt":"2025-02-25T17:54:28","slug":"le-certificat","status":"publish","type":"page","link":"https:\/\/ccdhhn.ca\/fr\/le-certificat\/","title":{"rendered":"Le certificat"},"content":{"rendered":"\n<p><strong>Qui est admissible au certificat canadien en humanit\u00e9s num\u00e9riques (cc:DH\/HN)?<\/strong><\/p>\n\n\n\n<p>Toute personne est admissible au certificat et peut d\u00e9poser sa candidature, sans l\u2019obligation de poss\u00e9der une affiliation institutionnelle ou un statut de r\u00e9sidence ou de citoyennet\u00e9 canadienne.<\/p>\n\n\n\n<p><strong><strong>Structure du programme de certificat<\/strong><\/strong><\/p>\n\n\n\n<p>L\u2019obtention d\u2019un certificat n\u00e9cessite 100\u00a0heures d\u2019ateliers admissibles en humanit\u00e9s num\u00e9riques qui sont r\u00e9pertori\u00e9s dans <a href=\"https:\/\/ccdhhn.ca\/fr\/prochains-ateliers-en-hn\">notre calendrier<\/a> et liste de <a href=\"https:\/\/ccdhhn.ca\/fr\/ateliers-admissibles-en-mode-asynchrone\/\" data-type=\"page\" data-id=\"3182\">ateliers admissibles en mode asynchrone<\/a>, et le respect des crit\u00e8res suivants\u00a0:<\/p>\n\n\n\n<ul class=\"wp-block-list\">\n<li>Un minimum de 60&nbsp;heures doit provenir d\u2019ateliers approfondis, d\u2019au moins 20&nbsp;heures, comme ceux offerts \u00e0 l\u2019Institut d\u2019\u00e9t\u00e9 en humanit\u00e9s num\u00e9riques (DHSI) ou aux humanit\u00e9s num\u00e9riques \u00e0 l\u2019Universit\u00e9 de Guelph (DH@Guelph).<\/li>\n\n\n\n<li>Le reste des heures requises peut \u00eatre combl\u00e9 \u00e0 travers d\u2019autres offres de formations approuv\u00e9es, de diff\u00e9rentes dur\u00e9es (elles peuvent comprendre d\u2019autres ateliers de 20&nbsp;heures et plus).<\/li>\n\n\n\n<li>Les 100&nbsp;heures de formation doivent \u00eatre achev\u00e9es \u00e0 l\u2019int\u00e9rieur d\u2019une p\u00e9riode de cinq ans.<\/li>\n\n\n\n<li>Un minimum de 60&nbsp;heures de formation doit \u00eatre suivi (\u00e0 distance ou en personne) dans des \u00e9tablissements canadiens.<\/li>\n\n\n\n<li>Un maximum de 30&nbsp;heures peut provenir d\u2019ateliers r\u00e9alis\u00e9s en mode asynchrone.<\/li>\n<\/ul>\n\n\n\n<p><\/p>\n\n\n\n<p><strong><strong>Ateliers admissibles<\/strong><\/strong><\/p>\n\n\n\n<p>Les ateliers admissibles sont r\u00e9pertori\u00e9s dans <a href=\"https:\/\/ccdhhn.ca\/fr\/prochains-ateliers-en-hn\">notre calendrier des activit\u00e9s<\/a>. Nos <a href=\"https:\/\/ccdhhn.ca\/fr\/notre-organisation\/\" data-type=\"page\" data-id=\"373\">organisations partenaires<\/a> pr\u00e9cisent quels sont les ateliers qui sont admissibles au certificat. Communiquez avec votre agente ou agent de liaison si vous croyiez qu\u2019un atelier devrait \u00eatre admissible et qu\u2019il n\u2019est pas inscrit dans notre calendrier.<\/p>\n\n\n\n<p>Souhaiteriez-vous ajouter vos prochaines activit\u00e9s \u00e0 la liste des ateliers admissibles? Communiquez avec nous \u00e0 <a href=\"mailto:digitalhumanities@stfx.ca\">digitalhumanities@stfx.ca<\/a>, nous serons heureux de vous aider.<\/p>\n\n\n\n<p><\/p>\n\n\n\n<p><strong>Qu\u2019en est-il des ateliers auxquels j\u2019ai particip\u00e9 ant\u00e9rieurement?<\/strong><\/p>\n\n\n\n<p>Si ces ateliers font partie de la p\u00e9riode de cinq ans qui a d\u00e9but\u00e9 en 2018, ils sont admissibles au certificat. Donc, nous allons accepter les ateliers de 2018 \u00e0 2023, de 2019 \u00e0 2024, et ainsi de suite.<\/p>\n\n\n\n<p><\/p>\n","protected":false},"excerpt":{"rendered":"<p>Qui est admissible au certificat canadien en humanit\u00e9s num\u00e9riques (cc:DH\/HN)? Toute personne est admissible au certificat et peut d\u00e9poser sa candidature, sans l\u2019obligation de poss\u00e9der une affiliation institutionnelle ou un [&hellip;]<\/p>\n","protected":false},"author":4,"featured_media":0,"parent":0,"menu_order":0,"comment_status":"closed","ping_status":"closed","template":"","meta":{"_tec_requires_first_save":true,"_EventAllDay":false,"_EventTimezone":"","_EventStartDate":"","_EventEndDate":"","_EventStartDateUTC":"","_EventEndDateUTC":"","_EventShowMap":false,"_EventShowMapLink":false,"_EventURL":"","_EventCost":"","_EventCostDescription":"","_EventCurrencySymbol":"","_EventCurrencyCode":"","_EventCurrencyPosition":"","_EventDateTimeSeparator":"","_EventTimeRangeSeparator":"","_EventOrganizerID":[],"_EventVenueID":[],"_OrganizerEmail":"","_OrganizerPhone":"","_OrganizerWebsite":"","_VenueAddress":"","_VenueCity":"","_VenueCountry":"","_VenueProvince":"","_VenueState":"","_VenueZip":"","_VenuePhone":"","_VenueURL":"","_VenueStateProvince":"","_VenueLat":"","_VenueLng":"","_VenueShowMap":false,"_VenueShowMapLink":false,"_tribe_blocks_recurrence_rules":"","_tribe_blocks_recurrence_description":"","_tribe_blocks_recurrence_exclusions":"","_ecp_custom_2":"","_ecp_custom_3":"","footnotes":""},"class_list":["post-552","page","type-page","status-publish","hentry"],"_links":{"self":[{"href":"https:\/\/ccdhhn.ca\/fr\/wp-json\/wp\/v2\/pages\/552","targetHints":{"allow":["GET"]}}],"collection":[{"href":"https:\/\/ccdhhn.ca\/fr\/wp-json\/wp\/v2\/pages"}],"about":[{"href":"https:\/\/ccdhhn.ca\/fr\/wp-json\/wp\/v2\/types\/page"}],"author":[{"embeddable":true,"href":"https:\/\/ccdhhn.ca\/fr\/wp-json\/wp\/v2\/users\/4"}],"replies":[{"embeddable":true,"href":"https:\/\/ccdhhn.ca\/fr\/wp-json\/wp\/v2\/comments?post=552"}],"version-history":[{"count":14,"href":"https:\/\/ccdhhn.ca\/fr\/wp-json\/wp\/v2\/pages\/552\/revisions"}],"predecessor-version":[{"id":3185,"href":"https:\/\/ccdhhn.ca\/fr\/wp-json\/wp\/v2\/pages\/552\/revisions\/3185"}],"wp:attachment":[{"href":"https:\/\/ccdhhn.ca\/fr\/wp-json\/wp\/v2\/media?parent=552"}],"curies":[{"name":"wp","href":"https:\/\/api.w.org\/{rel}","templated":true}]}}