{"id":585,"date":"2023-05-08T12:47:49","date_gmt":"2023-05-08T15:47:49","guid":{"rendered":"https:\/\/ccdhhn.ca\/?page_id=585"},"modified":"2023-10-10T11:48:37","modified_gmt":"2023-10-10T14:48:37","slug":"deposer-sa-candidature","status":"publish","type":"page","link":"https:\/\/ccdhhn.ca\/fr\/deposer-sa-candidature\/","title":{"rendered":"D\u00e9poser sa candidature"},"content":{"rendered":"\n<p><strong>Afin d\u2019obtenir le certificat canadien en humanit\u00e9s num\u00e9riques (cc:DH\/HN), vous devez d\u00e9poser votre candidature qui consiste \u00e0 remplir et soumettre le Formulaire de candidature au certificat, en ligne, en suivant le lien au bas de cette page<\/strong>.<\/p>\n\n\n\n<p>Il est recommand\u00e9 d\u2019examiner le formulaire de candidature, avant de le remplir&nbsp;:<\/p>\n\n\n\n<ul class=\"wp-block-list\">\n<li><a href=\"https:\/\/ccdhhn.ca\/wp-content\/uploads\/2023\/10\/Formulaire-de-candidature-au-certificat-Google-Forms-printable_1.pdf\" data-type=\"link\" data-id=\"https:\/\/ccdhhn.ca\/wp-content\/uploads\/2023\/10\/Formulaire-de-candidature-au-certificat-Google-Forms-printable_1.pdf\">Formulaire de candidature au certificat <\/a>\u00a0  <\/li>\n<\/ul>\n\n\n\n<p><\/p>\n\n\n\n<p><strong>Afin de remplir votre demande, vous devrez ouvrir une session dans votre compte Google afin de pouvoir t\u00e9l\u00e9verser les documents justificatifs. Si vous avez un quelconque probl\u00e8me pour remplir votre demande, veuillez communiquer avec nous \u00e0 l\u2019adresse suivante&nbsp;: digitalhumanities@stfx.ca.<\/strong><\/p>\n\n\n\n<p>Pour d\u00e9poser votre demande maintenant&nbsp;:<\/p>\n\n\n\n<ul class=\"wp-block-list\">\n<li><a href=\"https:\/\/forms.gle\/WgLUMjRHnoh4EPcX6\">Remplir le formulaire de candidature<\/a>&nbsp;&nbsp;&nbsp;&nbsp;&nbsp;<\/li>\n<\/ul>\n","protected":false},"excerpt":{"rendered":"<p>Afin d\u2019obtenir le certificat canadien en humanit\u00e9s num\u00e9riques (cc:DH\/HN), vous devez d\u00e9poser votre candidature qui consiste \u00e0 remplir et soumettre le Formulaire de candidature au certificat, en ligne, en suivant [&hellip;]<\/p>\n","protected":false},"author":4,"featured_media":0,"parent":0,"menu_order":0,"comment_status":"closed","ping_status":"closed","template":"","meta":{"_tec_requires_first_save":true,"_EventAllDay":false,"_EventTimezone":"","_EventStartDate":"","_EventEndDate":"","_EventStartDateUTC":"","_EventEndDateUTC":"","_EventShowMap":false,"_EventShowMapLink":false,"_EventURL":"","_EventCost":"","_EventCostDescription":"","_EventCurrencySymbol":"","_EventCurrencyCode":"","_EventCurrencyPosition":"","_EventDateTimeSeparator":"","_EventTimeRangeSeparator":"","_EventOrganizerID":[],"_EventVenueID":[],"_OrganizerEmail":"","_OrganizerPhone":"","_OrganizerWebsite":"","_VenueAddress":"","_VenueCity":"","_VenueCountry":"","_VenueProvince":"","_VenueState":"","_VenueZip":"","_VenuePhone":"","_VenueURL":"","_VenueStateProvince":"","_VenueLat":"","_VenueLng":"","_VenueShowMap":false,"_VenueShowMapLink":false,"_tribe_blocks_recurrence_rules":"","_tribe_blocks_recurrence_description":"","_tribe_blocks_recurrence_exclusions":"","_ecp_custom_2":"","_ecp_custom_3":"","footnotes":""},"class_list":["post-585","page","type-page","status-publish","hentry"],"_links":{"self":[{"href":"https:\/\/ccdhhn.ca\/fr\/wp-json\/wp\/v2\/pages\/585","targetHints":{"allow":["GET"]}}],"collection":[{"href":"https:\/\/ccdhhn.ca\/fr\/wp-json\/wp\/v2\/pages"}],"about":[{"href":"https:\/\/ccdhhn.ca\/fr\/wp-json\/wp\/v2\/types\/page"}],"author":[{"embeddable":true,"href":"https:\/\/ccdhhn.ca\/fr\/wp-json\/wp\/v2\/users\/4"}],"replies":[{"embeddable":true,"href":"https:\/\/ccdhhn.ca\/fr\/wp-json\/wp\/v2\/comments?post=585"}],"version-history":[{"count":12,"href":"https:\/\/ccdhhn.ca\/fr\/wp-json\/wp\/v2\/pages\/585\/revisions"}],"predecessor-version":[{"id":899,"href":"https:\/\/ccdhhn.ca\/fr\/wp-json\/wp\/v2\/pages\/585\/revisions\/899"}],"wp:attachment":[{"href":"https:\/\/ccdhhn.ca\/fr\/wp-json\/wp\/v2\/media?parent=585"}],"curies":[{"name":"wp","href":"https:\/\/api.w.org\/{rel}","templated":true}]}}