{"id":587,"date":"2023-03-23T09:53:50","date_gmt":"2023-03-23T12:53:50","guid":{"rendered":"https:\/\/ccdhhn.ca\/?page_id=587"},"modified":"2025-01-27T14:18:07","modified_gmt":"2025-01-27T18:18:07","slug":"ateliers-admissibles","status":"publish","type":"page","link":"https:\/\/ccdhhn.ca\/fr\/ateliers-admissibles\/","title":{"rendered":"Ateliers admissibles"},"content":{"rendered":"\n<p><strong><strong>Les ateliers sont admissibles au certificat s\u2019ils r\u00e9pondent aux crit\u00e8res suivants&nbsp;:<\/strong><\/strong><\/p>\n\n\n\n<ul class=\"wp-block-list\">\n<li>L\u2019atelier offert est affili\u00e9 \u00e0 une <a href=\"https:\/\/ccdhhn.ca\/fr\/notre-organisation\/\" data-type=\"page\" data-id=\"373\">organisation partenaire <\/a>(OP) selon l\u2019un des choix suivants\u00a0:\n<ul class=\"wp-block-list\">\n<li>L\u2019atelier est pr\u00e9sum\u00e9 admissible par une OP<\/li>\n\n\n\n<li>La personne formatrice a d\u00e9j\u00e0 donn\u00e9 l\u2019atelier dans une OP<\/li>\n\n\n\n<li>L\u2019atelier \u00e9quivalent est offert dans une OP<\/li>\n<\/ul>\n<\/li>\n<\/ul>\n\n\n\n<ul class=\"wp-block-list\">\n<li>L\u2019atelier fait partie du R\u00e9seau de formation des HN (y compris ceux offerts par des \u00e9tablissements canadiens et non canadiens)<\/li>\n<\/ul>\n\n\n\n<ul class=\"wp-block-list\">\n<li>L\u2019atelier offert n\u2019est pas affili\u00e9 \u00e0 une OP ou ne fait pas partie du <a href=\"https:\/\/dhsi.org\/dh-training-network\/\" target=\"_blank\" rel=\"noreferrer noopener\">R\u00e9seau de formation des HN<\/a>, cependant, tous les crit\u00e8res suivants sont respect\u00e9s&nbsp;:\n<ul class=\"wp-block-list\">\n<li>La personne formatrice est une universitaire, une biblioth\u00e9caire ou une professionnelle;<\/li>\n\n\n\n<li>Le sujet de l\u2019atelier est pertinent pour les HN (s\u2019il est inclus dans cette <a href=\"https:\/\/doi.org\/10.5683\/SP3\/XADOQC\" target=\"_blank\" rel=\"noreferrer noopener\">liste<\/a>, il est fort probablement \u00ab&nbsp;admissible&nbsp;\u00bb);<\/li>\n\n\n\n<li>L\u2019atelier n\u2019est pas uniquement offert afin d\u2019obtenir des cr\u00e9dits et aucun cr\u00e9dit curriculaire n\u2019a \u00e9t\u00e9 obtenu de l\u2019atelier;<\/li>\n\n\n\n<li>L\u2019atelier est offert par un \u00e9tablissement d\u2019enseignement, un organisme gouvernemental ou sans but lucratif.<\/li>\n<\/ul>\n<\/li>\n<\/ul>\n\n\n\n<p><strong>Remarque&nbsp;: <\/strong>Tous les ateliers \u00e9num\u00e9r\u00e9s dans le <a href=\"https:\/\/ccdhhn.ca\/prochains-ateliers-en-hn\">calendrier des activit\u00e9s<\/a> sont admissibles pour l\u2019obtention du certificat. Cependant, les ateliers admissibles ne sont pas tous \u00e9num\u00e9r\u00e9s dans le calendrier. Si vous avez des questions au sujet des crit\u00e8res d\u2019admissibilit\u00e9 au certificat ou sur la liste des ateliers offerts dans le calendrier du site Web, veuillez nous \u00e9crire \u00e0 <strong><a href=\"mailto:digitalhumanities@stfx.ca\">digitalhumanities@stfx.ca<\/a>.<\/strong><\/p>\n","protected":false},"excerpt":{"rendered":"<p>Les ateliers sont admissibles au certificat s\u2019ils r\u00e9pondent aux crit\u00e8res suivants&nbsp;: Remarque&nbsp;: Tous les ateliers \u00e9num\u00e9r\u00e9s dans le calendrier des activit\u00e9s sont admissibles pour l\u2019obtention du certificat. Cependant, les ateliers [&hellip;]<\/p>\n","protected":false},"author":4,"featured_media":0,"parent":0,"menu_order":0,"comment_status":"closed","ping_status":"closed","template":"","meta":{"_tec_requires_first_save":true,"_EventAllDay":false,"_EventTimezone":"","_EventStartDate":"","_EventEndDate":"","_EventStartDateUTC":"","_EventEndDateUTC":"","_EventShowMap":false,"_EventShowMapLink":false,"_EventURL":"","_EventCost":"","_EventCostDescription":"","_EventCurrencySymbol":"","_EventCurrencyCode":"","_EventCurrencyPosition":"","_EventDateTimeSeparator":"","_EventTimeRangeSeparator":"","_EventOrganizerID":[],"_EventVenueID":[],"_OrganizerEmail":"","_OrganizerPhone":"","_OrganizerWebsite":"","_VenueAddress":"","_VenueCity":"","_VenueCountry":"","_VenueProvince":"","_VenueState":"","_VenueZip":"","_VenuePhone":"","_VenueURL":"","_VenueStateProvince":"","_VenueLat":"","_VenueLng":"","_VenueShowMap":false,"_VenueShowMapLink":false,"_tribe_blocks_recurrence_rules":"","_tribe_blocks_recurrence_description":"","_tribe_blocks_recurrence_exclusions":"","_ecp_custom_2":"","_ecp_custom_3":"","footnotes":""},"class_list":["post-587","page","type-page","status-publish","hentry"],"_links":{"self":[{"href":"https:\/\/ccdhhn.ca\/fr\/wp-json\/wp\/v2\/pages\/587","targetHints":{"allow":["GET"]}}],"collection":[{"href":"https:\/\/ccdhhn.ca\/fr\/wp-json\/wp\/v2\/pages"}],"about":[{"href":"https:\/\/ccdhhn.ca\/fr\/wp-json\/wp\/v2\/types\/page"}],"author":[{"embeddable":true,"href":"https:\/\/ccdhhn.ca\/fr\/wp-json\/wp\/v2\/users\/4"}],"replies":[{"embeddable":true,"href":"https:\/\/ccdhhn.ca\/fr\/wp-json\/wp\/v2\/comments?post=587"}],"version-history":[{"count":8,"href":"https:\/\/ccdhhn.ca\/fr\/wp-json\/wp\/v2\/pages\/587\/revisions"}],"predecessor-version":[{"id":3119,"href":"https:\/\/ccdhhn.ca\/fr\/wp-json\/wp\/v2\/pages\/587\/revisions\/3119"}],"wp:attachment":[{"href":"https:\/\/ccdhhn.ca\/fr\/wp-json\/wp\/v2\/media?parent=587"}],"curies":[{"name":"wp","href":"https:\/\/api.w.org\/{rel}","templated":true}]}}